{"id":7,"date":"2020-11-20T11:20:48","date_gmt":"2020-11-20T11:20:48","guid":{"rendered":"http:\/\/localhost\/bosforturizm.ro\/?page_id=7"},"modified":"2025-12-03T10:34:47","modified_gmt":"2025-12-03T10:34:47","slug":"rezerva-bilet-autocar","status":"publish","type":"page","link":"https:\/\/perlatrans.com.ro\/el\/rezerva-bilet-autocar\/","title":{"rendered":"\u039a\u03a1\u0391\u03a4\u0397\u03a3\u0397 \u0395\u0399\u03a3\u0399\u03a4\u0397\u03a1\u0399\u039f\u03a5 \u039b\u0395\u03a9\u03a6\u039f\u03a1\u0395\u0399\u039f\u03a5"},"content":{"rendered":"<div class=\"pt-3\">\r\n<div class=\"container\">\r\n<div class=\"row\">\r\n<div class=\"col-12 text-center mb-3\">\r\n<div class=\"border-box br-5 px-3 py-2\">\r\n<h3 class=\"text-orange font-weight-bold fs-22 mb-1\">100 Euro<\/h3>\r\n<p class=\"mb-0\">\u03a0\u03b1\u03b9\u03b4\u03b9\u03ac \u03bc\u03b5\u03c4\u03b1\u03be\u03cd 2-10 \u03b5\u03c4\u03ce\u03bd \u03bc\u03b5\u03c4&#8217; \u03b5\u03c0\u03b9\u03c3\u03c4\u03c1\u03bf\u03c6\u03ae\u03c2 \u03b1\u03c0\u03cc \u03c4\u03b7 \u03c7\u03ce\u03c1\u03b1<\/p>\r\n\r\n<\/div>\r\n<\/div>\r\n<div class=\"col-12 text-center mb-3\">\r\n<div class=\"border-box br-5 px-3 py-2\">\r\n<h3 class=\"text-orange font-weight-bold fs-22 mb-1\">90 Euro<\/h3>\r\n<p class=\"mb-0\">\u03a0\u03b1\u03b9\u03b4\u03b9\u03ac \u03bc\u03b5\u03c4\u03b1\u03be\u03cd 2-10 ani \u03bc\u03b5\u03c4&#8217; \u03b5\u03c0\u03b9\u03c3\u03c4\u03c1\u03bf\u03c6\u03ae\u03c2 \u03b1\u03c0\u03cc \u03c4\u03bf \u0392\u03bf\u03c5\u03ba\u03bf\u03c5\u03c1\u03ad\u03c3\u03c4\u03b9<\/p>\r\n\r\n<\/div>\r\n<\/div>\r\n<div class=\"col-12 text-center mb-3\">\r\n<div class=\"border-box br-5 px-3 py-2\">\r\n<h3 class=\"text-orange font-weight-bold fs-22 mb-1\">170 Euro<\/h3>\r\n<p class=\"mb-0\">\u0395\u03bd\u03ae\u03bb\u03b9\u03ba\u03b5\u03c2 \u03bc\u03b5\u03c4&#8217; \u03b5\u03c0\u03b9\u03c3\u03c4\u03c1\u03bf\u03c6\u03ae\u03c2 \u03b1\u03c0\u03cc \u03c4\u03b7 \u03c7\u03ce\u03c1\u03b1<\/p>\r\n\r\n<\/div>\r\n<\/div>\r\n<div class=\"col-12 text-center mb-3\">\r\n<div class=\"border-box br-5 px-3 py-2\">\r\n<h3 class=\"text-orange font-weight-bold fs-22 mb-1\">170 Euro<\/h3>\r\n<p class=\"mb-0\">\u0395\u03bd\u03ae\u03bb\u03b9\u03ba\u03b5\u03c2 \u03bc\u03b5\u03c4&#8217; \u03b5\u03c0\u03b9\u03c3\u03c4\u03c1\u03bf\u03c6\u03ae\u03c2 \u03b1\u03c0\u03cc \u03c4\u03bf \u0392\u03bf\u03c5\u03ba\u03bf\u03c5\u03c1\u03ad\u03c3\u03c4\u03b9<\/p>\r\n\r\n<\/div>\r\n<\/div>\r\n<div class=\"col-12 text-center\">\r\n<div class=\"border-box br-5 px-3 py-2\">\r\n<h3 class=\"text-orange font-weight-bold fs-22\">\u0394\u03a9\u03a1\u0395\u0391\u039d &#8211; \u03a0\u03b1\u03b9\u03b4\u03b9\u03ac \u03ad\u03c9\u03c2 2 \u03b5\u03c4\u03ce\u03bd<\/h3>\r\n\u03a0\u03bf\u03c3\u03bf\u03c3\u03c4\u03cc \u03c3\u03c5\u03c3\u03ba\u03b5\u03c5\u03b1\u03c3\u03af\u03b1\u03c2 &#8211; 50 kg. \u03c0\u03b5\u03c1\u03b9\u03bb\u03b1\u03bc\u03b2\u03ac\u03bd\u03bf\u03bd\u03c4\u03b1\u03b9 \u03c3\u03c4\u03b7\u03bd \u03c4\u03b9\u03bc\u03ae \u03c4\u03bf\u03c5 \u03b5\u03b9\u03c3\u03b9\u03c4\u03b7\u03c1\u03af\u03bf\u03c5. \u03a0\u03ac\u03bd\u03c9 \u03b1\u03c0\u03cc 50 \u03ba\u03b9\u03bb\u03ac. &#8211; \u039a\u03b1\u03c4\u03b1\u03b2\u03ac\u03bb\u03bb\u03b5\u03c4\u03b1\u03b9 1 \u03b5\u03c5\u03c1\u03ce\/\u03ba\u03b9\u03bb\u03cc.\r\n\r\n<\/div>\r\n<\/div>\r\n<\/div>\r\n<\/div>\r\n<\/div>","protected":false},"excerpt":{"rendered":"<p>100 Euro \u03a0\u03b1\u03b9\u03b4\u03b9\u03ac \u03bc\u03b5\u03c4\u03b1\u03be\u03cd 2-10 \u03b5\u03c4\u03ce\u03bd \u03bc\u03b5\u03c4&#8217; \u03b5\u03c0\u03b9\u03c3\u03c4\u03c1\u03bf\u03c6\u03ae\u03c2 \u03b1\u03c0\u03cc \u03c4\u03b7 \u03c7\u03ce\u03c1\u03b1 90 Euro \u03a0\u03b1\u03b9\u03b4\u03b9\u03ac \u03bc\u03b5\u03c4\u03b1\u03be\u03cd 2-10 ani \u03bc\u03b5\u03c4&#8217; \u03b5\u03c0\u03b9\u03c3\u03c4\u03c1\u03bf\u03c6\u03ae\u03c2 \u03b1\u03c0\u03cc \u03c4\u03bf \u0392\u03bf\u03c5\u03ba\u03bf\u03c5\u03c1\u03ad\u03c3\u03c4\u03b9 170 Euro \u0395\u03bd\u03ae\u03bb\u03b9\u03ba\u03b5\u03c2 \u03bc\u03b5\u03c4&#8217; \u03b5\u03c0\u03b9\u03c3\u03c4\u03c1\u03bf\u03c6\u03ae\u03c2 \u03b1\u03c0\u03cc \u03c4\u03b7 \u03c7\u03ce\u03c1\u03b1 170 Euro \u0395\u03bd\u03ae\u03bb\u03b9\u03ba\u03b5\u03c2 \u03bc\u03b5\u03c4&#8217; \u03b5\u03c0\u03b9\u03c3\u03c4\u03c1\u03bf\u03c6\u03ae\u03c2 \u03b1\u03c0\u03cc \u03c4\u03bf \u0392\u03bf\u03c5\u03ba\u03bf\u03c5\u03c1\u03ad\u03c3\u03c4\u03b9 \u0394\u03a9\u03a1\u0395\u0391\u039d &#8211; \u03a0\u03b1\u03b9\u03b4\u03b9\u03ac \u03ad\u03c9\u03c2 2 \u03b5\u03c4\u03ce\u03bd \u03a0\u03bf\u03c3\u03bf\u03c3\u03c4\u03cc \u03c3\u03c5\u03c3\u03ba\u03b5\u03c5\u03b1\u03c3\u03af\u03b1\u03c2 &#8211; 50 kg. \u03c0\u03b5\u03c1\u03b9\u03bb\u03b1\u03bc\u03b2\u03ac\u03bd\u03bf\u03bd\u03c4\u03b1\u03b9 \u03c3\u03c4\u03b7\u03bd \u03c4\u03b9\u03bc\u03ae \u03c4\u03bf\u03c5 \u03b5\u03b9\u03c3\u03b9\u03c4\u03b7\u03c1\u03af\u03bf\u03c5. \u03a0\u03ac\u03bd\u03c9 [&hellip;]<\/p>\n","protected":false},"author":3,"featured_media":0,"parent":0,"menu_order":0,"comment_status":"closed","ping_status":"closed","template":"templates\/page-bilete.php","meta":[],"yoast_head":"<!-- This site is optimized with the Yoast SEO plugin v20.6 - https:\/\/yoast.com\/wordpress\/plugins\/seo\/ -->\n<title>\u039a\u03a1\u0391\u03a4\u0397\u03a3\u0397 \u0395\u0399\u03a3\u0399\u03a4\u0397\u03a1\u0399\u039f\u03a5 \u039b\u0395\u03a9\u03a6\u039f\u03a1\u0395\u0399\u039f\u03a5 - Perla Trans SRL<\/title>\n<meta name=\"robots\" content=\"index, follow, max-snippet:-1, max-image-preview:large, max-video-preview:-1\" \/>\n<link rel=\"canonical\" href=\"https:\/\/perlatrans.com.ro\/rezerva-bilet-autocar\/\" \/>\n<meta property=\"og:locale\" content=\"el_GR\" \/>\n<meta property=\"og:type\" content=\"article\" \/>\n<meta property=\"og:title\" content=\"[:ro]Rezerv\u0103 bilet autocar[:en]Book a bus ticket[:el]\u039a\u03a1\u0391\u03a4\u0397\u03a3\u0397 \u0395\u0399\u03a3\u0399\u03a4\u0397\u03a1\u0399\u039f\u03a5 \u039b\u0395\u03a9\u03a6\u039f\u03a1\u0395\u0399\u039f\u03a5[:tr]Otob\u00fcs bileti ay\u0131rt\u0131n[:] - Perla Trans SRL\" \/>\n<meta property=\"og:description\" content=\"100 Euro \u03a0\u03b1\u03b9\u03b4\u03b9\u03ac \u03bc\u03b5\u03c4\u03b1\u03be\u03cd 2-10 \u03b5\u03c4\u03ce\u03bd \u03bc\u03b5\u03c4&#8217; \u03b5\u03c0\u03b9\u03c3\u03c4\u03c1\u03bf\u03c6\u03ae\u03c2 \u03b1\u03c0\u03cc \u03c4\u03b7 \u03c7\u03ce\u03c1\u03b1 90 Euro \u03a0\u03b1\u03b9\u03b4\u03b9\u03ac \u03bc\u03b5\u03c4\u03b1\u03be\u03cd 2-10 ani \u03bc\u03b5\u03c4&#8217; \u03b5\u03c0\u03b9\u03c3\u03c4\u03c1\u03bf\u03c6\u03ae\u03c2 \u03b1\u03c0\u03cc \u03c4\u03bf \u0392\u03bf\u03c5\u03ba\u03bf\u03c5\u03c1\u03ad\u03c3\u03c4\u03b9 170 Euro \u0395\u03bd\u03ae\u03bb\u03b9\u03ba\u03b5\u03c2 \u03bc\u03b5\u03c4&#8217; \u03b5\u03c0\u03b9\u03c3\u03c4\u03c1\u03bf\u03c6\u03ae\u03c2 \u03b1\u03c0\u03cc \u03c4\u03b7 \u03c7\u03ce\u03c1\u03b1 170 Euro \u0395\u03bd\u03ae\u03bb\u03b9\u03ba\u03b5\u03c2 \u03bc\u03b5\u03c4&#8217; \u03b5\u03c0\u03b9\u03c3\u03c4\u03c1\u03bf\u03c6\u03ae\u03c2 \u03b1\u03c0\u03cc \u03c4\u03bf \u0392\u03bf\u03c5\u03ba\u03bf\u03c5\u03c1\u03ad\u03c3\u03c4\u03b9 \u0394\u03a9\u03a1\u0395\u0391\u039d &#8211; \u03a0\u03b1\u03b9\u03b4\u03b9\u03ac \u03ad\u03c9\u03c2 2 \u03b5\u03c4\u03ce\u03bd \u03a0\u03bf\u03c3\u03bf\u03c3\u03c4\u03cc \u03c3\u03c5\u03c3\u03ba\u03b5\u03c5\u03b1\u03c3\u03af\u03b1\u03c2 &#8211; 50 kg. \u03c0\u03b5\u03c1\u03b9\u03bb\u03b1\u03bc\u03b2\u03ac\u03bd\u03bf\u03bd\u03c4\u03b1\u03b9 \u03c3\u03c4\u03b7\u03bd \u03c4\u03b9\u03bc\u03ae \u03c4\u03bf\u03c5 \u03b5\u03b9\u03c3\u03b9\u03c4\u03b7\u03c1\u03af\u03bf\u03c5. \u03a0\u03ac\u03bd\u03c9 [&hellip;]\" \/>\n<meta property=\"og:url\" content=\"https:\/\/perlatrans.com.ro\/rezerva-bilet-autocar\/\" \/>\n<meta property=\"og:site_name\" content=\"Perla Trans SRL\" \/>\n<meta property=\"article:modified_time\" content=\"2025-12-03T10:34:47+00:00\" \/>\n<meta name=\"twitter:card\" content=\"summary_large_image\" \/>\n<meta name=\"twitter:label1\" content=\"\u0395\u03ba\u03c4\u03b9\u03bc\u03ce\u03bc\u03b5\u03bd\u03bf\u03c2 \u03c7\u03c1\u03cc\u03bd\u03bf\u03c2 \u03b1\u03bd\u03ac\u03b3\u03bd\u03c9\u03c3\u03b7\u03c2\" \/>\n\t<meta name=\"twitter:data1\" content=\"1 \u03bb\u03b5\u03c0\u03c4\u03cc\" \/>\n<script type=\"application\/ld+json\" class=\"yoast-schema-graph\">{\"@context\":\"https:\/\/schema.org\",\"@graph\":[{\"@type\":\"WebPage\",\"@id\":\"https:\/\/perlatrans.com.ro\/rezerva-bilet-autocar\/\",\"url\":\"https:\/\/perlatrans.com.ro\/rezerva-bilet-autocar\/\",\"name\":\"[:ro]Rezerv\u0103 bilet autocar[:en]Book a bus ticket[:el]\u039a\u03a1\u0391\u03a4\u0397\u03a3\u0397 \u0395\u0399\u03a3\u0399\u03a4\u0397\u03a1\u0399\u039f\u03a5 \u039b\u0395\u03a9\u03a6\u039f\u03a1\u0395\u0399\u039f\u03a5[:tr]Otob\u00fcs bileti ay\u0131rt\u0131n[:] - Perla Trans SRL\",\"isPartOf\":{\"@id\":\"https:\/\/perlatrans.com.ro\/#website\"},\"datePublished\":\"2020-11-20T11:20:48+00:00\",\"dateModified\":\"2025-12-03T10:34:47+00:00\",\"breadcrumb\":{\"@id\":\"https:\/\/perlatrans.com.ro\/rezerva-bilet-autocar\/#breadcrumb\"},\"inLanguage\":\"el\",\"potentialAction\":[{\"@type\":\"ReadAction\",\"target\":[\"https:\/\/perlatrans.com.ro\/rezerva-bilet-autocar\/\"]}]},{\"@type\":\"BreadcrumbList\",\"@id\":\"https:\/\/perlatrans.com.ro\/rezerva-bilet-autocar\/#breadcrumb\",\"itemListElement\":[{\"@type\":\"ListItem\",\"position\":1,\"name\":\"Prima pagin\u0103\",\"item\":\"https:\/\/perlatrans.com.ro\/\"},{\"@type\":\"ListItem\",\"position\":2,\"name\":\"Rezerv\u0103 bilet autocar\"}]},{\"@type\":\"WebSite\",\"@id\":\"https:\/\/perlatrans.com.ro\/#website\",\"url\":\"https:\/\/perlatrans.com.ro\/\",\"name\":\"Perla Trans SRL\",\"description\":\"\u03a0\u03c1\u03cc\u03b3\u03c1\u03b1\u03bc\u03bc\u03b1 \u03ba\u03b1\u03b9 \u03bd\u03b1\u03cd\u03bb\u03bf\u03b9 \u03b3\u03b9\u03b1 \u03c0\u03c4\u03ae\u03c3\u03b5\u03b9\u03c2 \u03a1\u03bf\u03c5\u03bc\u03b1\u03bd\u03af\u03b1 \u2013 \u0395\u03bb\u03bb\u03ac\u03b4\u03b1, \u03bc\u03b5\u03c4\u2019 \u03b5\u03c0\u03b9\u03c3\u03c4\u03c1\u03bf\u03c6\u03ae\u03c2.\",\"potentialAction\":[{\"@type\":\"SearchAction\",\"target\":{\"@type\":\"EntryPoint\",\"urlTemplate\":\"https:\/\/perlatrans.com.ro\/?s={search_term_string}\"},\"query-input\":\"required name=search_term_string\"}],\"inLanguage\":\"el\"}]}<\/script>\n<!-- \/ Yoast SEO plugin. -->","yoast_head_json":{"title":"[:ro]Rezerv\u0103 bilet autocar[:en]Book a bus ticket[:el]\u039a\u03a1\u0391\u03a4\u0397\u03a3\u0397 \u0395\u0399\u03a3\u0399\u03a4\u0397\u03a1\u0399\u039f\u03a5 \u039b\u0395\u03a9\u03a6\u039f\u03a1\u0395\u0399\u039f\u03a5[:tr]Otob\u00fcs bileti ay\u0131rt\u0131n[:] - Perla Trans SRL","robots":{"index":"index","follow":"follow","max-snippet":"max-snippet:-1","max-image-preview":"max-image-preview:large","max-video-preview":"max-video-preview:-1"},"canonical":"https:\/\/perlatrans.com.ro\/rezerva-bilet-autocar\/","og_locale":"el_GR","og_type":"article","og_title":"[:ro]Rezerv\u0103 bilet autocar[:en]Book a bus ticket[:el]\u039a\u03a1\u0391\u03a4\u0397\u03a3\u0397 \u0395\u0399\u03a3\u0399\u03a4\u0397\u03a1\u0399\u039f\u03a5 \u039b\u0395\u03a9\u03a6\u039f\u03a1\u0395\u0399\u039f\u03a5[:tr]Otob\u00fcs bileti ay\u0131rt\u0131n[:] - Perla Trans SRL","og_description":"100 Euro \u03a0\u03b1\u03b9\u03b4\u03b9\u03ac \u03bc\u03b5\u03c4\u03b1\u03be\u03cd 2-10 \u03b5\u03c4\u03ce\u03bd \u03bc\u03b5\u03c4&#8217; \u03b5\u03c0\u03b9\u03c3\u03c4\u03c1\u03bf\u03c6\u03ae\u03c2 \u03b1\u03c0\u03cc \u03c4\u03b7 \u03c7\u03ce\u03c1\u03b1 90 Euro \u03a0\u03b1\u03b9\u03b4\u03b9\u03ac \u03bc\u03b5\u03c4\u03b1\u03be\u03cd 2-10 ani \u03bc\u03b5\u03c4&#8217; \u03b5\u03c0\u03b9\u03c3\u03c4\u03c1\u03bf\u03c6\u03ae\u03c2 \u03b1\u03c0\u03cc \u03c4\u03bf \u0392\u03bf\u03c5\u03ba\u03bf\u03c5\u03c1\u03ad\u03c3\u03c4\u03b9 170 Euro \u0395\u03bd\u03ae\u03bb\u03b9\u03ba\u03b5\u03c2 \u03bc\u03b5\u03c4&#8217; \u03b5\u03c0\u03b9\u03c3\u03c4\u03c1\u03bf\u03c6\u03ae\u03c2 \u03b1\u03c0\u03cc \u03c4\u03b7 \u03c7\u03ce\u03c1\u03b1 170 Euro \u0395\u03bd\u03ae\u03bb\u03b9\u03ba\u03b5\u03c2 \u03bc\u03b5\u03c4&#8217; \u03b5\u03c0\u03b9\u03c3\u03c4\u03c1\u03bf\u03c6\u03ae\u03c2 \u03b1\u03c0\u03cc \u03c4\u03bf \u0392\u03bf\u03c5\u03ba\u03bf\u03c5\u03c1\u03ad\u03c3\u03c4\u03b9 \u0394\u03a9\u03a1\u0395\u0391\u039d &#8211; \u03a0\u03b1\u03b9\u03b4\u03b9\u03ac \u03ad\u03c9\u03c2 2 \u03b5\u03c4\u03ce\u03bd \u03a0\u03bf\u03c3\u03bf\u03c3\u03c4\u03cc \u03c3\u03c5\u03c3\u03ba\u03b5\u03c5\u03b1\u03c3\u03af\u03b1\u03c2 &#8211; 50 kg. \u03c0\u03b5\u03c1\u03b9\u03bb\u03b1\u03bc\u03b2\u03ac\u03bd\u03bf\u03bd\u03c4\u03b1\u03b9 \u03c3\u03c4\u03b7\u03bd \u03c4\u03b9\u03bc\u03ae \u03c4\u03bf\u03c5 \u03b5\u03b9\u03c3\u03b9\u03c4\u03b7\u03c1\u03af\u03bf\u03c5. \u03a0\u03ac\u03bd\u03c9 [&hellip;]","og_url":"https:\/\/perlatrans.com.ro\/rezerva-bilet-autocar\/","og_site_name":"Perla Trans SRL","article_modified_time":"2025-12-03T10:34:47+00:00","twitter_card":"summary_large_image","twitter_misc":{"\u0395\u03ba\u03c4\u03b9\u03bc\u03ce\u03bc\u03b5\u03bd\u03bf\u03c2 \u03c7\u03c1\u03cc\u03bd\u03bf\u03c2 \u03b1\u03bd\u03ac\u03b3\u03bd\u03c9\u03c3\u03b7\u03c2":"1 \u03bb\u03b5\u03c0\u03c4\u03cc"},"schema":{"@context":"https:\/\/schema.org","@graph":[{"@type":"WebPage","@id":"https:\/\/perlatrans.com.ro\/rezerva-bilet-autocar\/","url":"https:\/\/perlatrans.com.ro\/rezerva-bilet-autocar\/","name":"[:ro]Rezerv\u0103 bilet autocar[:en]Book a bus ticket[:el]\u039a\u03a1\u0391\u03a4\u0397\u03a3\u0397 \u0395\u0399\u03a3\u0399\u03a4\u0397\u03a1\u0399\u039f\u03a5 \u039b\u0395\u03a9\u03a6\u039f\u03a1\u0395\u0399\u039f\u03a5[:tr]Otob\u00fcs bileti ay\u0131rt\u0131n[:] - Perla Trans SRL","isPartOf":{"@id":"https:\/\/perlatrans.com.ro\/#website"},"datePublished":"2020-11-20T11:20:48+00:00","dateModified":"2025-12-03T10:34:47+00:00","breadcrumb":{"@id":"https:\/\/perlatrans.com.ro\/rezerva-bilet-autocar\/#breadcrumb"},"inLanguage":"el","potentialAction":[{"@type":"ReadAction","target":["https:\/\/perlatrans.com.ro\/rezerva-bilet-autocar\/"]}]},{"@type":"BreadcrumbList","@id":"https:\/\/perlatrans.com.ro\/rezerva-bilet-autocar\/#breadcrumb","itemListElement":[{"@type":"ListItem","position":1,"name":"Prima pagin\u0103","item":"https:\/\/perlatrans.com.ro\/"},{"@type":"ListItem","position":2,"name":"Rezerv\u0103 bilet autocar"}]},{"@type":"WebSite","@id":"https:\/\/perlatrans.com.ro\/#website","url":"https:\/\/perlatrans.com.ro\/","name":"Perla Trans SRL","description":"\u03a0\u03c1\u03cc\u03b3\u03c1\u03b1\u03bc\u03bc\u03b1 \u03ba\u03b1\u03b9 \u03bd\u03b1\u03cd\u03bb\u03bf\u03b9 \u03b3\u03b9\u03b1 \u03c0\u03c4\u03ae\u03c3\u03b5\u03b9\u03c2 \u03a1\u03bf\u03c5\u03bc\u03b1\u03bd\u03af\u03b1 \u2013 \u0395\u03bb\u03bb\u03ac\u03b4\u03b1, \u03bc\u03b5\u03c4\u2019 \u03b5\u03c0\u03b9\u03c3\u03c4\u03c1\u03bf\u03c6\u03ae\u03c2.","potentialAction":[{"@type":"SearchAction","target":{"@type":"EntryPoint","urlTemplate":"https:\/\/perlatrans.com.ro\/?s={search_term_string}"},"query-input":"required name=search_term_string"}],"inLanguage":"el"}]}},"_links":{"self":[{"href":"https:\/\/perlatrans.com.ro\/el\/wp-json\/wp\/v2\/pages\/7"}],"collection":[{"href":"https:\/\/perlatrans.com.ro\/el\/wp-json\/wp\/v2\/pages"}],"about":[{"href":"https:\/\/perlatrans.com.ro\/el\/wp-json\/wp\/v2\/types\/page"}],"author":[{"embeddable":true,"href":"https:\/\/perlatrans.com.ro\/el\/wp-json\/wp\/v2\/users\/3"}],"replies":[{"embeddable":true,"href":"https:\/\/perlatrans.com.ro\/el\/wp-json\/wp\/v2\/comments?post=7"}],"version-history":[{"count":12,"href":"https:\/\/perlatrans.com.ro\/el\/wp-json\/wp\/v2\/pages\/7\/revisions"}],"predecessor-version":[{"id":357,"href":"https:\/\/perlatrans.com.ro\/el\/wp-json\/wp\/v2\/pages\/7\/revisions\/357"}],"wp:attachment":[{"href":"https:\/\/perlatrans.com.ro\/el\/wp-json\/wp\/v2\/media?parent=7"}],"curies":[{"name":"wp","href":"https:\/\/api.w.org\/{rel}","templated":true}]}}