{"id":7,"date":"2020-11-20T11:20:48","date_gmt":"2020-11-20T11:20:48","guid":{"rendered":"http:\/\/localhost\/bosforturizm.ro\/?page_id=7"},"modified":"2025-12-03T10:34:47","modified_gmt":"2025-12-03T10:34:47","slug":"rezerva-bilet-autocar","status":"publish","type":"page","link":"https:\/\/perlatrans.com.ro\/en\/rezerva-bilet-autocar\/","title":{"rendered":"Book a bus ticket"},"content":{"rendered":"<div class=\"pt-3\">\r\n<div class=\"container\">\r\n<div class=\"row\">\r\n<div class=\"col-12 text-center mb-3\">\r\n<div class=\"border-box br-5 px-3 py-2\">\r\n<div class=\"col-12 text-center mb-3\">\r\n<div class=\"border-box br-5 px-3 py-2\">\r\n<h3 class=\"text-orange font-weight-bold fs-22 mb-1\">100 Euro<\/h3>\r\n<p class=\"mb-0\">Children between 2-10 ani round trip from the country<\/p>\r\n\r\n<\/div>\r\n<\/div>\r\n<div class=\"col-12 text-center mb-3\">\r\n<div class=\"border-box br-5 px-3 py-2\">\r\n<h3 class=\"text-orange font-weight-bold fs-22 mb-1\">90 Euro<\/h3>\r\n<p class=\"mb-0\">Children between 2-10 ani round trip from Bucharest<\/p>\r\n\r\n<\/div>\r\n<\/div>\r\n<div class=\"col-12 text-center mb-3\">\r\n<div class=\"border-box br-5 px-3 py-2\">\r\n<h3 class=\"text-orange font-weight-bold fs-22 mb-1\">200 Euro<\/h3>\r\n<p class=\"mb-0\">Adults round trip from the country<\/p>\r\n\r\n<\/div>\r\n<\/div>\r\n<div class=\"col-12 text-center mb-3\">\r\n<div class=\"border-box br-5 px-3 py-2\">\r\n<h3 class=\"text-orange font-weight-bold fs-22 mb-1\">170 Euro<\/h3>\r\n<p class=\"mb-0\">Adults round trip from Bucharest<\/p>\r\n\r\n<\/div>\r\n<\/div>\r\n<div class=\"col-12 text-center\">\r\n<div class=\"border-box br-5 px-3 py-2\">\r\n<h3 class=\"text-orange font-weight-bold fs-22\">FREE \u2013 Children until 2 years old<\/h3>\r\nPackage rate &#8211; 50 kg. included in the ticket price. Exceeding 50 kg. &#8211; 1 Euro \/ kg is paid over.\r\n\r\n<\/div>\r\n<\/div>\r\n<\/div>\r\n<\/div>\r\n<\/div>\r\n<\/div>\r\n<\/div>","protected":false},"excerpt":{"rendered":"<p>100 Euro Children between 2-10 ani round trip from the country 90 Euro Children between 2-10 ani round trip from Bucharest 200 Euro Adults round trip from the country 170 Euro Adults round trip from Bucharest FREE \u2013 Children until 2 years old Package rate &#8211; 50 kg. included in the ticket price. Exceeding 50 [&hellip;]<\/p>\n","protected":false},"author":3,"featured_media":0,"parent":0,"menu_order":0,"comment_status":"closed","ping_status":"closed","template":"templates\/page-bilete.php","meta":[],"yoast_head":"<!-- This site is optimized with the Yoast SEO plugin v20.6 - https:\/\/yoast.com\/wordpress\/plugins\/seo\/ -->\n<title>Book a bus ticket - Perla Trans SRL<\/title>\n<meta name=\"robots\" content=\"index, follow, max-snippet:-1, max-image-preview:large, max-video-preview:-1\" \/>\n<link rel=\"canonical\" href=\"https:\/\/perlatrans.com.ro\/rezerva-bilet-autocar\/\" \/>\n<meta property=\"og:locale\" content=\"en_US\" \/>\n<meta property=\"og:type\" content=\"article\" \/>\n<meta property=\"og:title\" content=\"[:ro]Rezerv\u0103 bilet autocar[:en]Book a bus ticket[:el]\u039a\u03a1\u0391\u03a4\u0397\u03a3\u0397 \u0395\u0399\u03a3\u0399\u03a4\u0397\u03a1\u0399\u039f\u03a5 \u039b\u0395\u03a9\u03a6\u039f\u03a1\u0395\u0399\u039f\u03a5[:tr]Otob\u00fcs bileti ay\u0131rt\u0131n[:] - Perla Trans SRL\" \/>\n<meta property=\"og:description\" content=\"100 Euro Children between 2-10 ani round trip from the country 90 Euro Children between 2-10 ani round trip from Bucharest 200 Euro Adults round trip from the country 170 Euro Adults round trip from Bucharest FREE \u2013 Children until 2 years old Package rate &#8211; 50 kg. included in the ticket price. Exceeding 50 [&hellip;]\" \/>\n<meta property=\"og:url\" content=\"https:\/\/perlatrans.com.ro\/rezerva-bilet-autocar\/\" \/>\n<meta property=\"og:site_name\" content=\"Perla Trans SRL\" \/>\n<meta property=\"article:modified_time\" content=\"2025-12-03T10:34:47+00:00\" \/>\n<meta name=\"twitter:card\" content=\"summary_large_image\" \/>\n<meta name=\"twitter:label1\" content=\"Est. reading time\" \/>\n\t<meta name=\"twitter:data1\" content=\"1 minute\" \/>\n<script type=\"application\/ld+json\" class=\"yoast-schema-graph\">{\"@context\":\"https:\/\/schema.org\",\"@graph\":[{\"@type\":\"WebPage\",\"@id\":\"https:\/\/perlatrans.com.ro\/rezerva-bilet-autocar\/\",\"url\":\"https:\/\/perlatrans.com.ro\/rezerva-bilet-autocar\/\",\"name\":\"[:ro]Rezerv\u0103 bilet autocar[:en]Book a bus ticket[:el]\u039a\u03a1\u0391\u03a4\u0397\u03a3\u0397 \u0395\u0399\u03a3\u0399\u03a4\u0397\u03a1\u0399\u039f\u03a5 \u039b\u0395\u03a9\u03a6\u039f\u03a1\u0395\u0399\u039f\u03a5[:tr]Otob\u00fcs bileti ay\u0131rt\u0131n[:] - Perla Trans SRL\",\"isPartOf\":{\"@id\":\"https:\/\/perlatrans.com.ro\/#website\"},\"datePublished\":\"2020-11-20T11:20:48+00:00\",\"dateModified\":\"2025-12-03T10:34:47+00:00\",\"breadcrumb\":{\"@id\":\"https:\/\/perlatrans.com.ro\/rezerva-bilet-autocar\/#breadcrumb\"},\"inLanguage\":\"en-US\",\"potentialAction\":[{\"@type\":\"ReadAction\",\"target\":[\"https:\/\/perlatrans.com.ro\/rezerva-bilet-autocar\/\"]}]},{\"@type\":\"BreadcrumbList\",\"@id\":\"https:\/\/perlatrans.com.ro\/rezerva-bilet-autocar\/#breadcrumb\",\"itemListElement\":[{\"@type\":\"ListItem\",\"position\":1,\"name\":\"Prima pagin\u0103\",\"item\":\"https:\/\/perlatrans.com.ro\/\"},{\"@type\":\"ListItem\",\"position\":2,\"name\":\"Rezerv\u0103 bilet autocar\"}]},{\"@type\":\"WebSite\",\"@id\":\"https:\/\/perlatrans.com.ro\/#website\",\"url\":\"https:\/\/perlatrans.com.ro\/\",\"name\":\"Perla Trans SRL\",\"description\":\"Bus Routes  Romania - Greece\",\"potentialAction\":[{\"@type\":\"SearchAction\",\"target\":{\"@type\":\"EntryPoint\",\"urlTemplate\":\"https:\/\/perlatrans.com.ro\/?s={search_term_string}\"},\"query-input\":\"required name=search_term_string\"}],\"inLanguage\":\"en-US\"}]}<\/script>\n<!-- \/ Yoast SEO plugin. -->","yoast_head_json":{"title":"[:ro]Rezerv\u0103 bilet autocar[:en]Book a bus ticket[:el]\u039a\u03a1\u0391\u03a4\u0397\u03a3\u0397 \u0395\u0399\u03a3\u0399\u03a4\u0397\u03a1\u0399\u039f\u03a5 \u039b\u0395\u03a9\u03a6\u039f\u03a1\u0395\u0399\u039f\u03a5[:tr]Otob\u00fcs bileti ay\u0131rt\u0131n[:] - Perla Trans SRL","robots":{"index":"index","follow":"follow","max-snippet":"max-snippet:-1","max-image-preview":"max-image-preview:large","max-video-preview":"max-video-preview:-1"},"canonical":"https:\/\/perlatrans.com.ro\/rezerva-bilet-autocar\/","og_locale":"en_US","og_type":"article","og_title":"[:ro]Rezerv\u0103 bilet autocar[:en]Book a bus ticket[:el]\u039a\u03a1\u0391\u03a4\u0397\u03a3\u0397 \u0395\u0399\u03a3\u0399\u03a4\u0397\u03a1\u0399\u039f\u03a5 \u039b\u0395\u03a9\u03a6\u039f\u03a1\u0395\u0399\u039f\u03a5[:tr]Otob\u00fcs bileti ay\u0131rt\u0131n[:] - Perla Trans SRL","og_description":"100 Euro Children between 2-10 ani round trip from the country 90 Euro Children between 2-10 ani round trip from Bucharest 200 Euro Adults round trip from the country 170 Euro Adults round trip from Bucharest FREE \u2013 Children until 2 years old Package rate &#8211; 50 kg. included in the ticket price. Exceeding 50 [&hellip;]","og_url":"https:\/\/perlatrans.com.ro\/rezerva-bilet-autocar\/","og_site_name":"Perla Trans SRL","article_modified_time":"2025-12-03T10:34:47+00:00","twitter_card":"summary_large_image","twitter_misc":{"Est. reading time":"1 minute"},"schema":{"@context":"https:\/\/schema.org","@graph":[{"@type":"WebPage","@id":"https:\/\/perlatrans.com.ro\/rezerva-bilet-autocar\/","url":"https:\/\/perlatrans.com.ro\/rezerva-bilet-autocar\/","name":"[:ro]Rezerv\u0103 bilet autocar[:en]Book a bus ticket[:el]\u039a\u03a1\u0391\u03a4\u0397\u03a3\u0397 \u0395\u0399\u03a3\u0399\u03a4\u0397\u03a1\u0399\u039f\u03a5 \u039b\u0395\u03a9\u03a6\u039f\u03a1\u0395\u0399\u039f\u03a5[:tr]Otob\u00fcs bileti ay\u0131rt\u0131n[:] - Perla Trans SRL","isPartOf":{"@id":"https:\/\/perlatrans.com.ro\/#website"},"datePublished":"2020-11-20T11:20:48+00:00","dateModified":"2025-12-03T10:34:47+00:00","breadcrumb":{"@id":"https:\/\/perlatrans.com.ro\/rezerva-bilet-autocar\/#breadcrumb"},"inLanguage":"en-US","potentialAction":[{"@type":"ReadAction","target":["https:\/\/perlatrans.com.ro\/rezerva-bilet-autocar\/"]}]},{"@type":"BreadcrumbList","@id":"https:\/\/perlatrans.com.ro\/rezerva-bilet-autocar\/#breadcrumb","itemListElement":[{"@type":"ListItem","position":1,"name":"Prima pagin\u0103","item":"https:\/\/perlatrans.com.ro\/"},{"@type":"ListItem","position":2,"name":"Rezerv\u0103 bilet autocar"}]},{"@type":"WebSite","@id":"https:\/\/perlatrans.com.ro\/#website","url":"https:\/\/perlatrans.com.ro\/","name":"Perla Trans SRL","description":"Bus Routes  Romania - Greece","potentialAction":[{"@type":"SearchAction","target":{"@type":"EntryPoint","urlTemplate":"https:\/\/perlatrans.com.ro\/?s={search_term_string}"},"query-input":"required name=search_term_string"}],"inLanguage":"en-US"}]}},"_links":{"self":[{"href":"https:\/\/perlatrans.com.ro\/en\/wp-json\/wp\/v2\/pages\/7"}],"collection":[{"href":"https:\/\/perlatrans.com.ro\/en\/wp-json\/wp\/v2\/pages"}],"about":[{"href":"https:\/\/perlatrans.com.ro\/en\/wp-json\/wp\/v2\/types\/page"}],"author":[{"embeddable":true,"href":"https:\/\/perlatrans.com.ro\/en\/wp-json\/wp\/v2\/users\/3"}],"replies":[{"embeddable":true,"href":"https:\/\/perlatrans.com.ro\/en\/wp-json\/wp\/v2\/comments?post=7"}],"version-history":[{"count":12,"href":"https:\/\/perlatrans.com.ro\/en\/wp-json\/wp\/v2\/pages\/7\/revisions"}],"predecessor-version":[{"id":357,"href":"https:\/\/perlatrans.com.ro\/en\/wp-json\/wp\/v2\/pages\/7\/revisions\/357"}],"wp:attachment":[{"href":"https:\/\/perlatrans.com.ro\/en\/wp-json\/wp\/v2\/media?parent=7"}],"curies":[{"name":"wp","href":"https:\/\/api.w.org\/{rel}","templated":true}]}}